{"id":249,"date":"2024-07-10T16:30:40","date_gmt":"2024-07-10T16:30:40","guid":{"rendered":"https:\/\/sisdata.dec.uc.pt\/?page_id=249"},"modified":"2025-11-24T20:33:14","modified_gmt":"2025-11-24T20:33:14","slug":"partners","status":"publish","type":"page","link":"https:\/\/sisdata.dec.uc.pt\/?page_id=249","title":{"rendered":"Partners"},"content":{"rendered":"\n<p><strong>Partners:<\/strong><\/p>\n\n\n\n<figure class=\"wp-block-image size-full is-resized\"><img loading=\"lazy\" decoding=\"async\" width=\"890\" height=\"890\" src=\"https:\/\/sisdata.dec.uc.pt\/wp-content\/uploads\/2024\/07\/Partners-edited.png\" alt=\"\" class=\"wp-image-277\" style=\"width:491px;height:auto\" srcset=\"https:\/\/sisdata.dec.uc.pt\/wp-content\/uploads\/2024\/07\/Partners-edited.png 890w, https:\/\/sisdata.dec.uc.pt\/wp-content\/uploads\/2024\/07\/Partners-edited-300x300.png 300w, https:\/\/sisdata.dec.uc.pt\/wp-content\/uploads\/2024\/07\/Partners-edited-150x150.png 150w, https:\/\/sisdata.dec.uc.pt\/wp-content\/uploads\/2024\/07\/Partners-edited-768x768.png 768w\" sizes=\"auto, (max-width: 890px) 100vw, 890px\" \/><\/figure>\n\n\n\n<p><a href=\"https:\/\/www.uc.pt\/\">University of Coimbra<\/a>, Portugal &#8211; <a href=\"https:\/\/www.uc.pt\/fctuc\/dec\">DEC<\/a>, <a href=\"https:\/\/www.mare-centre.pt\/pt\">MARE<\/a>, <a href=\"https:\/\/arnet.pt\/en\/\">ARNET<\/a>; <a href=\"https:\/\/www.uc.pt\/fctuc\/dei\/\">DEI<\/a>, <a href=\"https:\/\/www.cisuc.uc.pt\/en\">CISUC<\/a>; <a href=\"https:\/\/www.uc.pt\/fctuc\/deq\/\">DEQ<\/a>, <a href=\"https:\/\/www.uc.pt\/ceres\/\">CERES<\/a><\/p>\n\n\n\n<p><em>Rita F. Carvalho, Pedro Furtado, Fernando Bernardo, Rui Martins, Cristina Rocha, Ana Carla Garcia, Mustafa Shubairi, Jo\u00e3o Pedro Marques, Camilo Restrepo<\/em>, Cl\u00e1udio Correia<\/p>\n\n\n\n<p><a href=\"https:\/\/www.udc.es\/en\/\">University of A Coru\u00f1a<\/a>, Spain &#8211; <a href=\"https:\/\/citeni.udc.es\/en\/\">CITENI<\/a><\/p>\n\n\n\n<p><em>Anne Gosset, Manuel Gonz\u00e1lez Castro, Marcos Lema, Sarath Krishnan<\/em><\/p>\n\n\n\n<p><a href=\"https:\/\/www.univ-rouen.fr\/university-of-rouen-normandy\/\">University of Rouen Normandie<\/a>, France- <a href=\"https:\/\/www.coria.fr\/en\/\">CORIA<\/a><\/p>\n\n\n\n<p><em>Julien Reveillon, Fran\u00e7ois X. Demoulin<\/em><\/p>\n\n\n\n<p><a href=\"https:\/\/www.ucd.ie\/\">University College Dublin<\/a>, Ireland<\/p>\n\n\n\n<p><em>Vikram Pakrashi, Philip Cardiff, Jennifer Keenahan, Kevin Nolan, Gary Litter, Mohammed Heider<\/em><\/p>\n","protected":false},"excerpt":{"rendered":"<p>Partners: University of Coimbra, Portugal &#8211; DEC, MARE, ARNET; DEI, CISUC; DEQ, CERES Rita F. Carvalho, Pedro Furtado, Fernando Bernardo, Rui Martins, Cristina Rocha, Ana Carla Garcia, Mustafa Shubairi, Jo\u00e3o Pedro Marques, Camilo Restrepo, Cl\u00e1udio Correia University of A Coru\u00f1a, Spain &#8211; CITENI Anne Gosset, Manuel Gonz\u00e1lez Castro, Marcos Lema, Sarath Krishnan University of Rouen [&hellip;]<\/p>\n","protected":false},"author":2,"featured_media":0,"parent":0,"menu_order":0,"comment_status":"closed","ping_status":"closed","template":"","meta":{"footnotes":""},"class_list":["post-249","page","type-page","status-publish","hentry"],"_links":{"self":[{"href":"https:\/\/sisdata.dec.uc.pt\/index.php?rest_route=\/wp\/v2\/pages\/249","targetHints":{"allow":["GET"]}}],"collection":[{"href":"https:\/\/sisdata.dec.uc.pt\/index.php?rest_route=\/wp\/v2\/pages"}],"about":[{"href":"https:\/\/sisdata.dec.uc.pt\/index.php?rest_route=\/wp\/v2\/types\/page"}],"author":[{"embeddable":true,"href":"https:\/\/sisdata.dec.uc.pt\/index.php?rest_route=\/wp\/v2\/users\/2"}],"replies":[{"embeddable":true,"href":"https:\/\/sisdata.dec.uc.pt\/index.php?rest_route=%2Fwp%2Fv2%2Fcomments&post=249"}],"version-history":[{"count":12,"href":"https:\/\/sisdata.dec.uc.pt\/index.php?rest_route=\/wp\/v2\/pages\/249\/revisions"}],"predecessor-version":[{"id":560,"href":"https:\/\/sisdata.dec.uc.pt\/index.php?rest_route=\/wp\/v2\/pages\/249\/revisions\/560"}],"wp:attachment":[{"href":"https:\/\/sisdata.dec.uc.pt\/index.php?rest_route=%2Fwp%2Fv2%2Fmedia&parent=249"}],"curies":[{"name":"wp","href":"https:\/\/api.w.org\/{rel}","templated":true}]}}