{"id":2,"date":"2024-01-11T10:40:45","date_gmt":"2024-01-11T10:40:45","guid":{"rendered":"https:\/\/sisdata.dec.uc.pt\/?page_id=2"},"modified":"2025-10-08T12:13:59","modified_gmt":"2025-10-08T12:13:59","slug":"sample-page","status":"publish","type":"page","link":"https:\/\/sisdata.dec.uc.pt\/?page_id=2","title":{"rendered":"SISdATA at a glance"},"content":{"rendered":"\n<p>SISdATA \u2013 EAPA_0040\/2022 \u2013 System to Increase Security \/ sustainability in the domain of Atlantic Traditional Aquaculture (natural tanks and cage nets) is a project funded by Interreg Atlantic Area with a duration of 36 months, starting at 1st January, 2024.<\/p>\n\n\n\n<figure class=\"wp-block-image size-large\"><img loading=\"lazy\" decoding=\"async\" width=\"1024\" height=\"476\" src=\"https:\/\/sisdata.dec.uc.pt\/wp-content\/uploads\/2025\/10\/FishJune-1024x476.jpg\" alt=\"\" class=\"wp-image-458\" srcset=\"https:\/\/sisdata.dec.uc.pt\/wp-content\/uploads\/2025\/10\/FishJune-1024x476.jpg 1024w, https:\/\/sisdata.dec.uc.pt\/wp-content\/uploads\/2025\/10\/FishJune-300x139.jpg 300w, https:\/\/sisdata.dec.uc.pt\/wp-content\/uploads\/2025\/10\/FishJune-768x357.jpg 768w, https:\/\/sisdata.dec.uc.pt\/wp-content\/uploads\/2025\/10\/FishJune-1536x714.jpg 1536w, https:\/\/sisdata.dec.uc.pt\/wp-content\/uploads\/2025\/10\/FishJune.jpg 1920w\" sizes=\"auto, (max-width: 1024px) 100vw, 1024px\" \/><\/figure>\n\n\n\n<p>beginning of a new growth cycle in Figueira &#8211; June 2025<\/p>\n\n\n\n<div class=\"wp-block-group is-vertical is-layout-flex wp-container-core-group-is-layout-fe9cc265 wp-block-group-is-layout-flex\">\n<div class=\"wp-block-group is-nowrap is-layout-flex wp-container-core-group-is-layout-6c531013 wp-block-group-is-layout-flex\">\n<figure class=\"wp-block-image size-full is-resized\"><img loading=\"lazy\" decoding=\"async\" width=\"1000\" height=\"1000\" src=\"https:\/\/sisdata.dec.uc.pt\/wp-content\/uploads\/2024\/07\/ukflag.webp\" alt=\"\" class=\"wp-image-204\" style=\"width:58px;height:auto\" srcset=\"https:\/\/sisdata.dec.uc.pt\/wp-content\/uploads\/2024\/07\/ukflag.webp 1000w, https:\/\/sisdata.dec.uc.pt\/wp-content\/uploads\/2024\/07\/ukflag-300x300.webp 300w, https:\/\/sisdata.dec.uc.pt\/wp-content\/uploads\/2024\/07\/ukflag-150x150.webp 150w, https:\/\/sisdata.dec.uc.pt\/wp-content\/uploads\/2024\/07\/ukflag-768x768.webp 768w\" sizes=\"auto, (max-width: 1000px) 100vw, 1000px\" \/><\/figure>\n\n\n\n<figure class=\"wp-block-image size-full is-resized\"><img loading=\"lazy\" decoding=\"async\" width=\"2000\" height=\"1000\" src=\"https:\/\/sisdata.dec.uc.pt\/wp-content\/uploads\/2024\/03\/IR.png\" alt=\"\" class=\"wp-image-67\" style=\"width:58px;height:auto\" srcset=\"https:\/\/sisdata.dec.uc.pt\/wp-content\/uploads\/2024\/03\/IR.png 2000w, https:\/\/sisdata.dec.uc.pt\/wp-content\/uploads\/2024\/03\/IR-300x150.png 300w, https:\/\/sisdata.dec.uc.pt\/wp-content\/uploads\/2024\/03\/IR-1024x512.png 1024w, https:\/\/sisdata.dec.uc.pt\/wp-content\/uploads\/2024\/03\/IR-768x384.png 768w, https:\/\/sisdata.dec.uc.pt\/wp-content\/uploads\/2024\/03\/IR-1536x768.png 1536w\" sizes=\"auto, (max-width: 2000px) 100vw, 2000px\" \/><\/figure>\n<\/div>\n\n\n\n<div class=\"wp-block-group is-content-justification-center is-nowrap is-layout-flex wp-container-core-group-is-layout-23441af8 wp-block-group-is-layout-flex\">\n<p><strong>SISdATA <\/strong>will create a new information system to support aquaculture across the Atlantic Area (AA). The system will be based on a platform already in use but that fails to predict specific flow conditions in and nearby aquaculture farms. The new platform will be fed by existing and available information, such as satellite data and local water quality sensors, and enriched with computational fluid dynamics (CFD) simulations, biochemical models and data-driven approaches, thus linking phenomena at different scales. This new platform will be developed and tested for different case studies across AA, providing valuable information for optimal and sustainable operation of aquaculture farms, including resilience against extreme weather and water pollution events. The ultimate goal is to push up the blue economy, including aquaculture itself and related services that also depend on water quality in estuaries and coastal areas (e.g., tourism, water sports).<\/p>\n<\/div>\n<\/div>\n\n\n\n<div class=\"wp-block-group is-vertical is-layout-flex wp-container-core-group-is-layout-fe9cc265 wp-block-group-is-layout-flex\">\n<figure class=\"wp-block-image size-full is-resized\"><img loading=\"lazy\" decoding=\"async\" width=\"600\" height=\"600\" src=\"https:\/\/sisdata.dec.uc.pt\/wp-content\/uploads\/2024\/07\/talamex-bandeira-portugal.jpg\" alt=\"\" class=\"wp-image-206\" style=\"width:58px;height:auto\" srcset=\"https:\/\/sisdata.dec.uc.pt\/wp-content\/uploads\/2024\/07\/talamex-bandeira-portugal.jpg 600w, https:\/\/sisdata.dec.uc.pt\/wp-content\/uploads\/2024\/07\/talamex-bandeira-portugal-300x300.jpg 300w, https:\/\/sisdata.dec.uc.pt\/wp-content\/uploads\/2024\/07\/talamex-bandeira-portugal-150x150.jpg 150w\" sizes=\"auto, (max-width: 600px) 100vw, 600px\" \/><\/figure>\n\n\n\n<div class=\"wp-block-group is-nowrap is-layout-flex wp-container-core-group-is-layout-6c531013 wp-block-group-is-layout-flex\">\n<p>O SISDATA criar\u00e1 um novo <strong>sistema inovador<\/strong> <strong>de informa\u00e7\u00e3o<\/strong> para apoiar a <strong>aquacultura em toda a \u00c1rea Atl\u00e2ntica (AA). <\/strong>O sistema ser\u00e1 baseado em uma plataforma j\u00e1 em uso, mas que n\u00e3o prev\u00ea condi\u00e7\u00f5es espec\u00edficas nas aquaculturas e suas proximidades. O sistema ser\u00e1 alimentado por <strong>informa\u00e7\u00e3o existente e dispon\u00edvel<\/strong>, tais como dados de sat\u00e9lite, sensores locais de qualidade da \u00e1gua e enriquecida com resultados de simula\u00e7\u00f5es de diferentes <strong>modelos baseados em equa\u00e7\u00f5es (CFD), modelos bioqu\u00edmicos e<\/strong> <strong>abordagens baseadas em dados<\/strong>, ligando assim <strong>fen\u00f3menos a diferentes escalas<\/strong>. Esta nova plataforma ser\u00e1 desenvolvida e testada para <strong>diferentes \u00e1reas AA<\/strong>, fornecendo informa\u00e7\u00e3o valiosa para o <strong>funcionamento \u00f3ptimo e sustent\u00e1vel das explora\u00e7\u00f5es aqu\u00edcolas<\/strong>, incluindo a <strong>resili\u00eancia contra eventos clim\u00e1ticos extremos e polui\u00e7\u00e3o da \u00e1gua<\/strong>. O objectivo final \u00e9 impulsionar a economia azul, incluindo outros servi\u00e7os que dependem da qualidade da \u00e1gua em estu\u00e1rios e zonas costeiras (turismo, desportos aqu\u00e1ticos).<\/p>\n<\/div>\n<\/div>\n\n\n\n<div class=\"wp-block-group is-vertical is-layout-flex wp-container-core-group-is-layout-fe9cc265 wp-block-group-is-layout-flex\">\n<figure class=\"wp-block-image size-full is-resized\"><img loading=\"lazy\" decoding=\"async\" width=\"275\" height=\"183\" src=\"https:\/\/sisdata.dec.uc.pt\/wp-content\/uploads\/2024\/03\/image-1.png\" alt=\"\" class=\"wp-image-65\" style=\"width:59px;height:auto\"\/><\/figure>\n\n\n\n<div class=\"wp-block-group is-nowrap is-layout-flex wp-container-core-group-is-layout-6c531013 wp-block-group-is-layout-flex\">\n<p>SISdATA crear\u00e1 un <strong>nuevo sistema de informaci\u00f3n para apoyar la acuicultura en todo el Espacio Atl\u00e1ntico (EA)<\/strong>. El sistema se basar\u00e1 en una plataforma ya en uso pero que no logra predecir las condiciones espec\u00edficas de explotaciones acu\u00edcolas y sus inmediaciones. El sistema se alimentar\u00e1 de <strong>informaci\u00f3n existente y disponible<\/strong>, como datos de sat\u00e9lite y sensores locales de calidad del agua, y se enriquecer\u00e1 con <strong>modelos de din\u00e1mica de fluidos, modelos bioqu\u00edmicos y enfoques basados en datos<\/strong>, vinculando as\u00ed <strong>fen\u00f3menos a diferentes escalas.<\/strong> El sistema se desarrollar\u00e1 y probar\u00e1 en <strong>diferentes regiones en AA<\/strong>, proporcionando informaci\u00f3n valiosa para el <strong>funcionamiento \u00f3ptimo y sostenible de las explotaciones acu\u00edcolas<\/strong>, incluida la <strong>resiliencia frente a fen\u00f3menos meteorol\u00f3gicos extremos y la contaminaci\u00f3n del agu<\/strong>a. El objetivo \u00faltimo es impulsar la econom\u00eda azul, incluyendo otros servicios que dependen de la calidad del agua en estuarios y zonas costeras (turismo, deportes acu\u00e1ticos,&#8230;).<\/p>\n<\/div>\n<\/div>\n\n\n\n<div class=\"wp-block-group is-vertical is-layout-flex wp-container-core-group-is-layout-fe9cc265 wp-block-group-is-layout-flex\">\n<figure class=\"wp-block-image size-large is-resized\"><img loading=\"lazy\" decoding=\"async\" width=\"1024\" height=\"682\" src=\"https:\/\/sisdata.dec.uc.pt\/wp-content\/uploads\/2024\/03\/image-2-1024x682.png\" alt=\"\" class=\"wp-image-66\" style=\"width:60px;height:auto\" srcset=\"https:\/\/sisdata.dec.uc.pt\/wp-content\/uploads\/2024\/03\/image-2-1024x682.png 1024w, https:\/\/sisdata.dec.uc.pt\/wp-content\/uploads\/2024\/03\/image-2-300x200.png 300w, https:\/\/sisdata.dec.uc.pt\/wp-content\/uploads\/2024\/03\/image-2-768x512.png 768w, https:\/\/sisdata.dec.uc.pt\/wp-content\/uploads\/2024\/03\/image-2-1536x1024.png 1536w, https:\/\/sisdata.dec.uc.pt\/wp-content\/uploads\/2024\/03\/image-2.png 2000w\" sizes=\"auto, (max-width: 1024px) 100vw, 1024px\" \/><\/figure>\n\n\n\n<div class=\"wp-block-group is-content-justification-left is-nowrap is-layout-flex wp-container-core-group-is-layout-fc9f69e7 wp-block-group-is-layout-flex\">\n<p>SISDATA cr\u00e9era un <strong>syst\u00e8me d\u2019information<\/strong> pour soutenir <strong>l&#8217;aquaculture dans la r\u00e9gion<\/strong> <strong>Atlantique <\/strong>(AA), qui sera bas\u00e9 sur une plateforme existante, mais qui&nbsp; ne parvient pas \u00e0 pr\u00e9dire les conditions d&#8217;\u00e9coulement sp\u00e9cifiques dans et \u00e0 proximit\u00e9 des fermes aquacoles. Ce syst\u00e8me sera aliment\u00e9 par <strong>d\u2019information d\u00e9j\u00e0 disponible<\/strong>, telles que les donn\u00e9es par satellite, les capteurs locaux de qualit\u00e9 de l&#8217;eau et enrichi avec diff\u00e9rents mod\u00e8les utilisant<strong> les \u00e9quations de la m\u00e9canique (CFD),<\/strong> des <strong>mod\u00e8les biochimiques<\/strong> et des approches <strong>bas\u00e9es sur les donn\u00e9es, <\/strong>reliant ainsi des ph\u00e9nom\u00e8nes <strong>\u00e0 diff\u00e9rentes \u00e9chelles<\/strong>.<strong> <\/strong>Ce syst\u00e8me sera <strong>d\u00e9velopp\u00e9 et test\u00e9 pour diff\u00e9rentes r\u00e9gions dans l&#8217;AA<\/strong>, fournissant des informations pr\u00e9cieuses pour<strong> l&#8217;efficacit\u00e9 des syst\u00e8mes d&#8217;aquaculture<\/strong> et la <strong>r\u00e9silience contre les \u00e9v\u00e9nements extr\u00eames et la pollution de l&#8217;eau<\/strong>. L&#8217;objectif final est de faire progresser l&#8217;\u00e9conomie bleue qui d\u00e9pend de la qualit\u00e9 de l&#8217;eau dans les estuaires et les zones c\u00f4ti\u00e8res (tourisme, sports nautiques).<\/p>\n<\/div>\n<\/div>\n","protected":false},"excerpt":{"rendered":"<p>SISdATA \u2013 EAPA_0040\/2022 \u2013 System to Increase Security \/ sustainability in the domain of Atlantic Traditional Aquaculture (natural tanks and cage nets) is a project funded by Interreg Atlantic Area with a duration of 36 months, starting at 1st January, 2024. beginning of a new growth cycle in Figueira &#8211; June 2025 SISdATA will create [&hellip;]<\/p>\n","protected":false},"author":1,"featured_media":0,"parent":0,"menu_order":0,"comment_status":"closed","ping_status":"open","template":"","meta":{"footnotes":""},"class_list":["post-2","page","type-page","status-publish","hentry"],"_links":{"self":[{"href":"https:\/\/sisdata.dec.uc.pt\/index.php?rest_route=\/wp\/v2\/pages\/2","targetHints":{"allow":["GET"]}}],"collection":[{"href":"https:\/\/sisdata.dec.uc.pt\/index.php?rest_route=\/wp\/v2\/pages"}],"about":[{"href":"https:\/\/sisdata.dec.uc.pt\/index.php?rest_route=\/wp\/v2\/types\/page"}],"author":[{"embeddable":true,"href":"https:\/\/sisdata.dec.uc.pt\/index.php?rest_route=\/wp\/v2\/users\/1"}],"replies":[{"embeddable":true,"href":"https:\/\/sisdata.dec.uc.pt\/index.php?rest_route=%2Fwp%2Fv2%2Fcomments&post=2"}],"version-history":[{"count":28,"href":"https:\/\/sisdata.dec.uc.pt\/index.php?rest_route=\/wp\/v2\/pages\/2\/revisions"}],"predecessor-version":[{"id":460,"href":"https:\/\/sisdata.dec.uc.pt\/index.php?rest_route=\/wp\/v2\/pages\/2\/revisions\/460"}],"wp:attachment":[{"href":"https:\/\/sisdata.dec.uc.pt\/index.php?rest_route=%2Fwp%2Fv2%2Fmedia&parent=2"}],"curies":[{"name":"wp","href":"https:\/\/api.w.org\/{rel}","templated":true}]}}